{"id":5642,"date":"2024-11-06T10:32:04","date_gmt":"2024-11-06T09:32:04","guid":{"rendered":"https:\/\/www.sunsetvilla.it\/privacy-policy\/"},"modified":"2025-01-28T16:29:40","modified_gmt":"2025-01-28T15:29:40","slug":"privacy-policy","status":"publish","type":"page","link":"https:\/\/www.sunsetvilla.it\/fr\/privacy-policy\/","title":{"rendered":"Privacy Policy"},"content":{"rendered":"\t\t<div data-elementor-type=\"wp-page\" data-elementor-id=\"5642\" class=\"elementor elementor-5642 elementor-3\">\n\t\t\t\t<div class=\"elementor-element elementor-element-7d8f16df e-flex e-con-boxed e-con e-parent\" data-id=\"7d8f16df\" data-element_type=\"container\">\n\t\t\t\t\t<div class=\"e-con-inner\">\n\t\t\t\t<div class=\"elementor-element elementor-element-4bdf591a elementor-widget elementor-widget-text-editor\" data-id=\"4bdf591a\" data-element_type=\"widget\" data-widget_type=\"text-editor.default\">\n\t\t\t\t<div class=\"elementor-widget-container\">\n\t\t\t\t\t\t\t\t\t<h2 class=\"wp-block-heading\">\u00c0 propos de nous<\/h2>\r\n\r\n\r\n\r\n<p>L&rsquo;adresse de notre site Web est\u00a0: https:\/\/www.sunsetvilla.it.<\/p>\r\n\r\n<p>&nbsp;<\/p>\r\n\r\n<h2><strong>Politique de confidentialit\u00e9 de Sunset Villa<\/strong><\/h2>\r\n<p><strong>1. Responsable du traitement des donn\u00e9es Le responsable du traitement des donn\u00e9es est <strong>DA.FE.C. SRL, avec si\u00e8ge social \u00e0 Str.da Prov.le delle Rocchette 62, 58043 \u2013 Castiglione della Pescaia (GR), joignable \u00e0 l&rsquo;adresse e-mail <a rel=\"noopener\">info@sunsetvilla.it<\/a> et au num\u00e9ro de t\u00e9l\u00e9phone +39 338 3693728.<\/p>\r\n<p><strong>2. Types de donn\u00e9es collect\u00e9es<\/strong>Lors de votre navigation sur le site Internet de <strong>Sunset Villa<\/strong> (ci-apr\u00e8s le \u00ab Site \u00bb), nous collectons diff\u00e9rents types de donn\u00e9es :<\/p>\r\n<ul>\r\n<li><strong>Donn\u00e9es de navigation<\/strong> : informations collect\u00e9es automatiquement lors de l&rsquo;utilisation du Site, telles que l&rsquo;adresse IP, le type de navigateur, l&rsquo;heure de la requ\u00eate et d&rsquo;autres informations de nature technique.<\/li >\r\n<li><strong>Donn\u00e9es fournies volontairement par l&rsquo;utilisateur<\/strong> : nom, pr\u00e9nom, email, num\u00e9ro de t\u00e9l\u00e9phone, et autres donn\u00e9es personnelles fournies volontairement par l&rsquo;utilisateur via les formulaires de contact ou de r\u00e9servation sur le Site.<br \/ >< fr \/><\/li>\r\n<\/ul>\r\n<h2><strong>3. Finalit\u00e9 du traitement des donn\u00e9es<\/strong> <br \/><br \/>Les donn\u00e9es personnelles des utilisateurs sont trait\u00e9es pour :<\/h2>\r\n<ul>\r\n<li>R\u00e9pondre aux demandes d\u2019informations ou de r\u00e9servations.<\/li>\r\n<li>Envoyer des communications promotionnelles (sous r\u00e9serve du consentement de l&rsquo;utilisateur).<\/li>\r\n<li>Analyser et am\u00e9liorer les services offerts.<\/li>\r\n<li>Assurer la s\u00e9curit\u00e9 du site et emp\u00eacher tout acc\u00e8s non autoris\u00e9 ou activit\u00e9 frauduleuse.<br \/><br \/><\/li>\r\n<\/ul>\r\n<h2><strong>4. Modalit\u00e9s et lieu de traitement des donn\u00e9es collect\u00e9es\r\n<p>Le traitement des donn\u00e9es est effectu\u00e9 \u00e0 l&rsquo;aide d&rsquo;outils informatiques et t\u00e9l\u00e9matiques, en adoptant des mesures de s\u00e9curit\u00e9 ad\u00e9quates pour emp\u00eacher l&rsquo;acc\u00e8s, la divulgation, la modification ou la destruction non autoris\u00e9e des donn\u00e9es. Le traitement a lieu au si\u00e8ge op\u00e9rationnel du Responsable du traitement ou chez d&rsquo;autres tiers d\u00e9sign\u00e9s par le Responsable du traitement.<br \/><br \/><\/p>\r\n<h2><strong>5. Base juridique du traitement<\/strong><\/h2>\r\n<p><br \/>Le traitement des donn\u00e9es personnelles est fond\u00e9 sur :<\/p>\r\n<ul>\r\n<li>Le consentement de l&rsquo;utilisateur \u00e0 des fins de marketing.<\/li>\r\n<li>L&rsquo;ex\u00e9cution d&rsquo;un contrat ou de mesures pr\u00e9contractuelles \u00e0 la demande de l&rsquo;utilisateur pour r\u00e9pondre aux demandes de r\u00e9servation.<\/li>\r\n<li>L&rsquo;int\u00e9r\u00eat l\u00e9gitime du Propri\u00e9taire d&rsquo;am\u00e9liorer la qualit\u00e9 du service et de garantir la s\u00e9curit\u00e9 du Site.<br \/><br \/><\/li>\r\n<\/ul>\r\n<h2><strong>6. Dur\u00e9e de conservation des donn\u00e9es<\/strong><\/h2>\r\n<p>Les donn\u00e9es personnelles seront conserv\u00e9es pendant la dur\u00e9e n\u00e9cessaire \u00e0 la r\u00e9alisation des finalit\u00e9s pour lesquelles elles ont \u00e9t\u00e9 collect\u00e9es et en tout \u00e9tat de cause pas plus de 10 ans \u00e0 compter de la fin de la relation avec l&rsquo;utilisateur, sauf si une p\u00e9riode de conservation plus longue est n\u00e9cessaire conform\u00e9ment \u00e0 obligations l\u00e9gales. par la loi.<\/p>\r\n<p>&nbsp;<\/p>\r\n<h2><strong>7. Droits de l&rsquo;utilisateur<\/strong><\/h2>\r\n<p>Les utilisateurs ont le droit de\u00a0:<\/p>\r\n<ul>\r\n<li>Acc\u00e9der, mettre \u00e0 jour ou supprimer vos donn\u00e9es personnelles.<\/li>\r\n<li>Demander la limitation du traitement ou s&rsquo;opposer au traitement.<\/li>\r\n<li>Demandez la portabilit\u00e9 de vos donn\u00e9es.<\/li>\r\n<li>D\u00e9poser une plainte aupr\u00e8s d\u2019une autorit\u00e9 de contr\u00f4le (par exemple, l\u2019Autorit\u00e9 de protection des donn\u00e9es).<\/li>\r\n<\/ul>\r\n<p>Pour exercer ces droits, l&rsquo;utilisateur peut contacter le Propri\u00e9taire par courrier \u00e9lectronique \u00e0 <a rel=\"noopener\">info@sunsetvilla.it<\/a>.<\/p>\r\n<p>&nbsp;<\/p>\r\n<h2><strong>8. Communication et diffusion des donn\u00e9es<\/strong><\/h2>\r\n<p>Les donn\u00e9es personnelles collect\u00e9es ne seront jamais vendues ni c\u00e9d\u00e9es \u00e0 des tiers. Toutefois, ils peuvent \u00eatre partag\u00e9s avec\u00a0:<\/p>\r\n<ul>\r\n<li>Prestataires de services qui collaborent avec <strong>Sunset Villa<\/strong> pour la gestion et la maintenance du Site.<\/li>\r\n<li>Sujets autoris\u00e9s qui traitent les donn\u00e9es personnelles conform\u00e9ment \u00e0 la r\u00e9glementation en vigueur.<br \/><br \/><\/li>\r\n<\/ul>\r\n<h2><strong>9. Modifications de cette politique de confidentialit\u00e9<\/strong> <strong>Sunset Villa<\/strong><\/h2>\r\n<p>Se r\u00e9serve le droit d&rsquo;apporter des modifications \u00e0 cette politique de confidentialit\u00e9 \u00e0 tout moment. Les utilisateurs sont encourag\u00e9s \u00e0 consulter r\u00e9guli\u00e8rement cette page pour tout changement. En cas de modifications substantielles, une communication sera envoy\u00e9e aux utilisateurs enregistr\u00e9s.<\/p>\r\n\r\n<p>&nbsp;<\/p>\t\t\t\t\t\t\t\t<\/div>\n\t\t\t\t<\/div>\n\t\t\t\t\t<\/div>\n\t\t\t\t<\/div>\n\t\t\t\t<\/div>\n\t\t","protected":false},"excerpt":{"rendered":"<p>\u00c0 propos de nous L&rsquo;adresse de notre site Web est\u00a0: https:\/\/www.sunsetvilla.it. &nbsp; Politique de confidentialit\u00e9 de Sunset Villa 1. Responsable du traitement des donn\u00e9es Le responsable du traitement des donn\u00e9es est DA.FE.C. SRL, avec si\u00e8ge social \u00e0 Str.da Prov.le delle Rocchette 62, 58043 \u2013 Castiglione della Pescaia (GR), joignable \u00e0 l&rsquo;adresse e-mail info@sunsetvilla.it et au &#8230;<\/p>\n","protected":false},"author":1,"featured_media":0,"parent":0,"menu_order":0,"comment_status":"closed","ping_status":"closed","template":"elementor_header_footer","meta":{"cozystay_single_page_hide_site_header":"","cozystay_single_page_site_header_source":"","cozystay_single_page_custom_site_header":"","cozystay_single_page_custom_sticky_site_header":"","cozystay_single_page_hide_page_title":"","cozystay_single_page_header_section_size":"","cozystay_single_page_header_background_color":"","cozystay_single_page_header_background_position_x":"center","cozystay_single_page_header_background_position_y":"center","cozystay_single_page_header_background_size":"cover","cozystay_single_page_header_background_repeat":"off","cozystay_single_page_header_background_scroll":"on","cozystay_single_page_header_text_color":"","cozystay_single_page_header_show_breadcrumb":"","cozystay_single_page_site_footer_hide_main":"","cozystay_single_custom_site_footer_main_source":"","cozystay_single_custom_site_footer_main":"","cozystay_single_page_site_footer_hide_above":"","cozystay_single_custom_site_footer_above_source":"","cozystay_single_custom_site_footer_above":"","cozystay_single_page_site_footer_hide_instagram":"","cozystay_single_page_site_footer_hide_bottom":"","cozystay_single_custom_mobile_menu_source":"","cozystay_single_custom_mobile_menu":"","cozystay_single_custom_mobile_menu_animation":"","cozystay_single_custom_mobile_menu_width":"","cozystay_single_custom_mobile_menu_custom_width":375,"footnotes":""},"class_list":["post-5642","page","type-page","status-publish","hentry"],"yoast_head":"<!-- This site is optimized with the Yoast SEO plugin v25.5 - https:\/\/yoast.com\/wordpress\/plugins\/seo\/ -->\n<title>Privacy Policy - Sunset Villa<\/title>\n<meta name=\"robots\" content=\"index, follow, max-snippet:-1, max-image-preview:large, max-video-preview:-1\" \/>\n<link rel=\"canonical\" href=\"https:\/\/www.sunsetvilla.it\/fr\/privacy-policy\/\" \/>\n<meta property=\"og:locale\" content=\"fr_FR\" \/>\n<meta property=\"og:type\" content=\"article\" \/>\n<meta property=\"og:title\" content=\"Privacy Policy - Sunset Villa\" \/>\n<meta property=\"og:description\" content=\"\u00c0 propos de nous L&rsquo;adresse de notre site Web est\u00a0: https:\/\/www.sunsetvilla.it. &nbsp; Politique de confidentialit\u00e9 de Sunset Villa 1. Responsable du traitement des donn\u00e9es Le responsable du traitement des donn\u00e9es est DA.FE.C. SRL, avec si\u00e8ge social \u00e0 Str.da Prov.le delle Rocchette 62, 58043 \u2013 Castiglione della Pescaia (GR), joignable \u00e0 l&rsquo;adresse e-mail info@sunsetvilla.it et au ...\" \/>\n<meta property=\"og:url\" content=\"https:\/\/www.sunsetvilla.it\/fr\/privacy-policy\/\" \/>\n<meta property=\"og:site_name\" content=\"Sunset Villa\" \/>\n<meta property=\"article:modified_time\" content=\"2025-01-28T15:29:40+00:00\" \/>\n<meta name=\"twitter:card\" content=\"summary_large_image\" \/>\n<script type=\"application\/ld+json\" class=\"yoast-schema-graph\">{\"@context\":\"https:\/\/schema.org\",\"@graph\":[{\"@type\":\"WebPage\",\"@id\":\"https:\/\/www.sunsetvilla.it\/fr\/privacy-policy\/\",\"url\":\"https:\/\/www.sunsetvilla.it\/fr\/privacy-policy\/\",\"name\":\"Privacy Policy - Sunset Villa\",\"isPartOf\":{\"@id\":\"https:\/\/www.sunsetvilla.it\/fr\/#website\"},\"datePublished\":\"2024-11-06T09:32:04+00:00\",\"dateModified\":\"2025-01-28T15:29:40+00:00\",\"breadcrumb\":{\"@id\":\"https:\/\/www.sunsetvilla.it\/fr\/privacy-policy\/#breadcrumb\"},\"inLanguage\":\"fr-FR\",\"potentialAction\":[{\"@type\":\"ReadAction\",\"target\":[\"https:\/\/www.sunsetvilla.it\/fr\/privacy-policy\/\"]}]},{\"@type\":\"BreadcrumbList\",\"@id\":\"https:\/\/www.sunsetvilla.it\/fr\/privacy-policy\/#breadcrumb\",\"itemListElement\":[{\"@type\":\"ListItem\",\"position\":1,\"name\":\"Home\",\"item\":\"https:\/\/www.sunsetvilla.it\/fr\/\"},{\"@type\":\"ListItem\",\"position\":2,\"name\":\"Privacy Policy\"}]},{\"@type\":\"WebSite\",\"@id\":\"https:\/\/www.sunsetvilla.it\/fr\/#website\",\"url\":\"https:\/\/www.sunsetvilla.it\/fr\/\",\"name\":\"Sunset Villa\",\"description\":\"Your quiet place in Tuscany\",\"publisher\":{\"@id\":\"https:\/\/www.sunsetvilla.it\/fr\/#organization\"},\"potentialAction\":[{\"@type\":\"SearchAction\",\"target\":{\"@type\":\"EntryPoint\",\"urlTemplate\":\"https:\/\/www.sunsetvilla.it\/fr\/?s={search_term_string}\"},\"query-input\":{\"@type\":\"PropertyValueSpecification\",\"valueRequired\":true,\"valueName\":\"search_term_string\"}}],\"inLanguage\":\"fr-FR\"},{\"@type\":\"Organization\",\"@id\":\"https:\/\/www.sunsetvilla.it\/fr\/#organization\",\"name\":\"Sunset Villa\",\"url\":\"https:\/\/www.sunsetvilla.it\/fr\/\",\"logo\":{\"@type\":\"ImageObject\",\"inLanguage\":\"fr-FR\",\"@id\":\"https:\/\/www.sunsetvilla.it\/fr\/#\/schema\/logo\/image\/\",\"url\":\"https:\/\/www.sunsetvilla.it\/wp-content\/uploads\/2024\/11\/logo-sunset-villa.png\",\"contentUrl\":\"https:\/\/www.sunsetvilla.it\/wp-content\/uploads\/2024\/11\/logo-sunset-villa.png\",\"width\":500,\"height\":306,\"caption\":\"Sunset Villa\"},\"image\":{\"@id\":\"https:\/\/www.sunsetvilla.it\/fr\/#\/schema\/logo\/image\/\"}}]}<\/script>\n<!-- \/ Yoast SEO plugin. -->","yoast_head_json":{"title":"Privacy Policy - Sunset Villa","robots":{"index":"index","follow":"follow","max-snippet":"max-snippet:-1","max-image-preview":"max-image-preview:large","max-video-preview":"max-video-preview:-1"},"canonical":"https:\/\/www.sunsetvilla.it\/fr\/privacy-policy\/","og_locale":"fr_FR","og_type":"article","og_title":"Privacy Policy - Sunset Villa","og_description":"\u00c0 propos de nous L&rsquo;adresse de notre site Web est\u00a0: https:\/\/www.sunsetvilla.it. &nbsp; Politique de confidentialit\u00e9 de Sunset Villa 1. Responsable du traitement des donn\u00e9es Le responsable du traitement des donn\u00e9es est DA.FE.C. SRL, avec si\u00e8ge social \u00e0 Str.da Prov.le delle Rocchette 62, 58043 \u2013 Castiglione della Pescaia (GR), joignable \u00e0 l&rsquo;adresse e-mail info@sunsetvilla.it et au ...","og_url":"https:\/\/www.sunsetvilla.it\/fr\/privacy-policy\/","og_site_name":"Sunset Villa","article_modified_time":"2025-01-28T15:29:40+00:00","twitter_card":"summary_large_image","schema":{"@context":"https:\/\/schema.org","@graph":[{"@type":"WebPage","@id":"https:\/\/www.sunsetvilla.it\/fr\/privacy-policy\/","url":"https:\/\/www.sunsetvilla.it\/fr\/privacy-policy\/","name":"Privacy Policy - Sunset Villa","isPartOf":{"@id":"https:\/\/www.sunsetvilla.it\/fr\/#website"},"datePublished":"2024-11-06T09:32:04+00:00","dateModified":"2025-01-28T15:29:40+00:00","breadcrumb":{"@id":"https:\/\/www.sunsetvilla.it\/fr\/privacy-policy\/#breadcrumb"},"inLanguage":"fr-FR","potentialAction":[{"@type":"ReadAction","target":["https:\/\/www.sunsetvilla.it\/fr\/privacy-policy\/"]}]},{"@type":"BreadcrumbList","@id":"https:\/\/www.sunsetvilla.it\/fr\/privacy-policy\/#breadcrumb","itemListElement":[{"@type":"ListItem","position":1,"name":"Home","item":"https:\/\/www.sunsetvilla.it\/fr\/"},{"@type":"ListItem","position":2,"name":"Privacy Policy"}]},{"@type":"WebSite","@id":"https:\/\/www.sunsetvilla.it\/fr\/#website","url":"https:\/\/www.sunsetvilla.it\/fr\/","name":"Sunset Villa","description":"Your quiet place in Tuscany","publisher":{"@id":"https:\/\/www.sunsetvilla.it\/fr\/#organization"},"potentialAction":[{"@type":"SearchAction","target":{"@type":"EntryPoint","urlTemplate":"https:\/\/www.sunsetvilla.it\/fr\/?s={search_term_string}"},"query-input":{"@type":"PropertyValueSpecification","valueRequired":true,"valueName":"search_term_string"}}],"inLanguage":"fr-FR"},{"@type":"Organization","@id":"https:\/\/www.sunsetvilla.it\/fr\/#organization","name":"Sunset Villa","url":"https:\/\/www.sunsetvilla.it\/fr\/","logo":{"@type":"ImageObject","inLanguage":"fr-FR","@id":"https:\/\/www.sunsetvilla.it\/fr\/#\/schema\/logo\/image\/","url":"https:\/\/www.sunsetvilla.it\/wp-content\/uploads\/2024\/11\/logo-sunset-villa.png","contentUrl":"https:\/\/www.sunsetvilla.it\/wp-content\/uploads\/2024\/11\/logo-sunset-villa.png","width":500,"height":306,"caption":"Sunset Villa"},"image":{"@id":"https:\/\/www.sunsetvilla.it\/fr\/#\/schema\/logo\/image\/"}}]}},"_links":{"self":[{"href":"https:\/\/www.sunsetvilla.it\/fr\/wp-json\/wp\/v2\/pages\/5642","targetHints":{"allow":["GET"]}}],"collection":[{"href":"https:\/\/www.sunsetvilla.it\/fr\/wp-json\/wp\/v2\/pages"}],"about":[{"href":"https:\/\/www.sunsetvilla.it\/fr\/wp-json\/wp\/v2\/types\/page"}],"author":[{"embeddable":true,"href":"https:\/\/www.sunsetvilla.it\/fr\/wp-json\/wp\/v2\/users\/1"}],"replies":[{"embeddable":true,"href":"https:\/\/www.sunsetvilla.it\/fr\/wp-json\/wp\/v2\/comments?post=5642"}],"version-history":[{"count":2,"href":"https:\/\/www.sunsetvilla.it\/fr\/wp-json\/wp\/v2\/pages\/5642\/revisions"}],"predecessor-version":[{"id":5649,"href":"https:\/\/www.sunsetvilla.it\/fr\/wp-json\/wp\/v2\/pages\/5642\/revisions\/5649"}],"wp:attachment":[{"href":"https:\/\/www.sunsetvilla.it\/fr\/wp-json\/wp\/v2\/media?parent=5642"}],"curies":[{"name":"wp","href":"https:\/\/api.w.org\/{rel}","templated":true}]}}