{"id":5600,"date":"2024-11-21T11:45:42","date_gmt":"2024-11-21T10:45:42","guid":{"rendered":"https:\/\/www.sunsetvilla.it\/prenota\/"},"modified":"2025-01-28T18:12:06","modified_gmt":"2025-01-28T17:12:06","slug":"prenota","status":"publish","type":"page","link":"https:\/\/www.sunsetvilla.it\/fr\/prenota\/","title":{"rendered":"PrenotaFR"},"content":{"rendered":"\t\t<div data-elementor-type=\"wp-page\" data-elementor-id=\"5600\" class=\"elementor elementor-5600 elementor-4273\">\n\t\t\t\t<div class=\"elementor-element elementor-element-4d71dbc e-con-full cs-section-content-fullwidth e-flex e-con e-parent\" data-id=\"4d71dbc\" data-element_type=\"container\">\n\t\t<div class=\"elementor-element elementor-element-52e385c e-con-full e-flex e-con e-child\" data-id=\"52e385c\" data-element_type=\"container\" data-settings=\"{&quot;background_background&quot;:&quot;classic&quot;}\">\n\t\t<div class=\"elementor-element elementor-element-f6c1b0b e-con-full e-flex e-con e-child\" data-id=\"f6c1b0b\" data-element_type=\"container\" data-settings=\"{&quot;background_background&quot;:&quot;slideshow&quot;,&quot;background_slideshow_gallery&quot;:[{&quot;id&quot;:4494,&quot;url&quot;:&quot;https:\\\/\\\/www.sunsetvilla.it\\\/wp-content\\\/uploads\\\/2024\\\/11\\\/main-suite-sunset-villa-scaled.jpg&quot;},{&quot;id&quot;:3037,&quot;url&quot;:&quot;https:\\\/\\\/www.sunsetvilla.it\\\/wp-content\\\/uploads\\\/2024\\\/11\\\/DJI_0224-Modifica.jpg&quot;},{&quot;id&quot;:2983,&quot;url&quot;:&quot;https:\\\/\\\/www.sunsetvilla.it\\\/wp-content\\\/uploads\\\/2024\\\/11\\\/DJI_0226-Modifica-scaled.jpg&quot;}],&quot;background_slideshow_ken_burns&quot;:&quot;yes&quot;,&quot;background_slideshow_loop&quot;:&quot;yes&quot;,&quot;background_slideshow_slide_duration&quot;:5000,&quot;background_slideshow_slide_transition&quot;:&quot;fade&quot;,&quot;background_slideshow_transition_duration&quot;:500,&quot;background_slideshow_ken_burns_zoom_direction&quot;:&quot;in&quot;}\">\n\t\t\t\t<div class=\"elementor-element elementor-element-32e8a32 elementor-widget elementor-widget-spacer\" data-id=\"32e8a32\" data-element_type=\"widget\" data-widget_type=\"spacer.default\">\n\t\t\t\t<div class=\"elementor-widget-container\">\n\t\t\t\t\t\t\t<div class=\"elementor-spacer\">\n\t\t\t<div class=\"elementor-spacer-inner\"><\/div>\n\t\t<\/div>\n\t\t\t\t\t\t<\/div>\n\t\t\t\t<\/div>\n\t\t\t\t<\/div>\n\t\t<div class=\"elementor-element elementor-element-179f6da dark-color e-con-full e-flex e-con e-child\" data-id=\"179f6da\" data-element_type=\"container\">\n\t\t\t\t<div class=\"elementor-element elementor-element-564f64e elementor-align-center elementor-widget__width-initial elementor-widget elementor-widget-cs_logo\" data-id=\"564f64e\" data-element_type=\"widget\" data-widget_type=\"cs_logo.default\">\n\t\t\t\t<div class=\"elementor-widget-container\">\n\t\t\t\t\t                <a href=\"https:\/\/www.sunsetvilla.it\/fr\/\" aria-label=\"Site Logo Image\">                    <img fetchpriority=\"high\" decoding=\"async\" width=\"500\" height=\"306\" src=\"https:\/\/www.sunsetvilla.it\/wp-content\/uploads\/2024\/11\/logo-sunset-villa.png\" class=\"attachment-full size-full wp-image-3650\" alt=\"\" srcset=\"https:\/\/www.sunsetvilla.it\/wp-content\/uploads\/2024\/11\/logo-sunset-villa.png 500w, https:\/\/www.sunsetvilla.it\/wp-content\/uploads\/2024\/11\/logo-sunset-villa-300x184.png 300w, https:\/\/www.sunsetvilla.it\/wp-content\/uploads\/2024\/11\/logo-sunset-villa-370x226.png 370w, https:\/\/www.sunsetvilla.it\/wp-content\/uploads\/2024\/11\/logo-sunset-villa-255x156.png 255w, https:\/\/www.sunsetvilla.it\/wp-content\/uploads\/2024\/11\/logo-sunset-villa-150x92.png 150w\" sizes=\"(max-width: 500px) 100vw, 500px\" \/>                <\/a>\t\t\t\t<\/div>\n\t\t\t\t<\/div>\n\t\t\t\t<div class=\"elementor-element elementor-element-3df04ef elementor-hidden-tablet elementor-hidden-mobile elementor-widget elementor-widget-cs_title\" data-id=\"3df04ef\" data-element_type=\"widget\" data-widget_type=\"cs_title.default\">\n\t\t\t\t<div class=\"elementor-widget-container\">\n\t\t\t\t\t\n        <div class=\"cs-title-wrap text-center\">\t            <h3 class=\"cs-title\">\n\t                R\u00e9servez votre s\u00e9jour\t            <\/h3>\t            <div class=\"cs-title-text\">\n\t                <p>Bienvenue \u00e0 Sunset Villa, une oasis de luxe et de tranquillit\u00e9 o\u00f9 les chambres et suites avec vue sur la mer de la Maremme vous offriront des moments inoubliables<\/p>\n\t            <\/div>        <\/div>\t\t\t\t<\/div>\n\t\t\t\t<\/div>\n\t\t\t\t<div class=\"elementor-element elementor-element-704ae84 elementor-hidden-desktop elementor-widget elementor-widget-cs_title\" data-id=\"704ae84\" data-element_type=\"widget\" data-widget_type=\"cs_title.default\">\n\t\t\t\t<div class=\"elementor-widget-container\">\n\t\t\t\t\t\n        <div class=\"cs-title-wrap text-center\">\t            <h4 class=\"cs-title\">\n\t                R\u00e9servez votre s\u00e9jour\t            <\/h4>        <\/div>\t\t\t\t<\/div>\n\t\t\t\t<\/div>\n\t\t\t\t<div class=\"elementor-element elementor-element-703eba3 elementor-widget elementor-widget-text-editor\" data-id=\"703eba3\" data-element_type=\"widget\" data-widget_type=\"text-editor.default\">\n\t\t\t\t<div class=\"elementor-widget-container\">\n\t\t\t\t\t\t\t\t\t<div id=\"bookingexpertnobox\">\r\n<div id=\"searchpop\"><\/div>\r\n<\/div>\r\n<script src=\"https:\/\/be.bookingexpert.it\/book\/websites\/searchbox?hotel=45565&#038;lang=fr\"><\/script> <script>it.bookingexpert.SearchBox.load('searchpop', 'Popup');<\/script>\t\t\t\t\t\t\t\t<\/div>\n\t\t\t\t<\/div>\n\t\t\t\t<div class=\"elementor-element elementor-element-2e878ac elementor-icon-list--layout-inline elementor-align-center elementor-list-item-link-inline elementor-widget elementor-widget-icon-list\" data-id=\"2e878ac\" data-element_type=\"widget\" data-widget_type=\"icon-list.default\">\n\t\t\t\t<div class=\"elementor-widget-container\">\n\t\t\t\t\t\t\t<ul class=\"elementor-icon-list-items elementor-inline-items\">\n\t\t\t\t\t\t\t<li class=\"elementor-icon-list-item elementor-inline-item\">\n\t\t\t\t\t\t\t\t\t\t<span class=\"elementor-icon-list-text\">Check-in : de 14h \u00e0 20h (check-in tardif sur demande)<\/span>\n\t\t\t\t\t\t\t\t\t<\/li>\n\t\t\t\t\t\t\t\t<li class=\"elementor-icon-list-item elementor-inline-item\">\n\t\t\t\t\t\t\t\t\t\t<span class=\"elementor-icon-list-text\">D\u00e9part : avant 11h00<\/span>\n\t\t\t\t\t\t\t\t\t<\/li>\n\t\t\t\t\t\t<\/ul>\n\t\t\t\t\t\t<\/div>\n\t\t\t\t<\/div>\n\t\t\t\t<\/div>\n\t\t\t\t<div class=\"elementor-element elementor-element-3cb752e elementor-fixed elementor-widget elementor-widget-cs_menu_toggle\" data-id=\"3cb752e\" data-element_type=\"widget\" data-settings=\"{&quot;_position&quot;:&quot;fixed&quot;}\" data-widget_type=\"cs_menu_toggle.default\">\n\t\t\t\t<div class=\"elementor-widget-container\">\n\t\t\t\t\t        <button class=\"menu-toggle elementor-widget-menu-toggle\">\n\t\t\t<span class=\"screen-reader-text\">Menu<\/span>\n\t\t\t<span class=\"menu-toggle-icon\"><\/span>\n\t\t\t\t\t<\/button>\t\t\t\t<\/div>\n\t\t\t\t<\/div>\n\t\t\t\t<\/div>\n\t\t\t\t<\/div>\n\t\t\t\t<\/div>\n\t\t","protected":false},"excerpt":{"rendered":"<p>R\u00e9servez votre s\u00e9jour Bienvenue \u00e0 Sunset Villa, une oasis de luxe et de tranquillit\u00e9 o\u00f9 les chambres et suites avec vue sur la mer de la Maremme vous offriront des moments inoubliables R\u00e9servez votre s\u00e9jour Check-in : de 14h \u00e0 20h (check-in tardif sur demande) D\u00e9part : avant 11h00 Menu<\/p>\n","protected":false},"author":1,"featured_media":0,"parent":0,"menu_order":0,"comment_status":"closed","ping_status":"closed","template":"elementor_header_footer","meta":{"cozystay_single_page_hide_site_header":"on","cozystay_single_page_site_header_source":"","cozystay_single_page_custom_site_header":"","cozystay_single_page_custom_sticky_site_header":"","cozystay_single_page_hide_page_title":"on","cozystay_single_page_header_section_size":"","cozystay_single_page_header_background_color":"","cozystay_single_page_header_background_position_x":"center","cozystay_single_page_header_background_position_y":"center","cozystay_single_page_header_background_size":"cover","cozystay_single_page_header_background_repeat":"off","cozystay_single_page_header_background_scroll":"on","cozystay_single_page_header_text_color":"","cozystay_single_page_header_show_breadcrumb":"hide","cozystay_single_page_site_footer_hide_main":"on","cozystay_single_custom_site_footer_main_source":"","cozystay_single_custom_site_footer_main":"","cozystay_single_page_site_footer_hide_above":"on","cozystay_single_custom_site_footer_above_source":"","cozystay_single_custom_site_footer_above":"","cozystay_single_page_site_footer_hide_instagram":"on","cozystay_single_page_site_footer_hide_bottom":"on","cozystay_single_custom_mobile_menu_source":"","cozystay_single_custom_mobile_menu":"","cozystay_single_custom_mobile_menu_animation":"","cozystay_single_custom_mobile_menu_width":"","cozystay_single_custom_mobile_menu_custom_width":375,"footnotes":""},"class_list":["post-5600","page","type-page","status-publish","hentry"],"yoast_head":"<!-- This site is optimized with the Yoast SEO plugin v25.5 - https:\/\/yoast.com\/wordpress\/plugins\/seo\/ -->\n<title>PrenotaFR - Sunset Villa<\/title>\n<meta name=\"robots\" content=\"index, follow, max-snippet:-1, max-image-preview:large, max-video-preview:-1\" \/>\n<link rel=\"canonical\" href=\"https:\/\/www.sunsetvilla.it\/fr\/prenota\/\" \/>\n<meta property=\"og:locale\" content=\"fr_FR\" \/>\n<meta property=\"og:type\" content=\"article\" \/>\n<meta property=\"og:title\" content=\"PrenotaFR - Sunset Villa\" \/>\n<meta property=\"og:description\" content=\"R\u00e9servez votre s\u00e9jour Bienvenue \u00e0 Sunset Villa, une oasis de luxe et de tranquillit\u00e9 o\u00f9 les chambres et suites avec vue sur la mer de la Maremme vous offriront des moments inoubliables R\u00e9servez votre s\u00e9jour Check-in : de 14h \u00e0 20h (check-in tardif sur demande) D\u00e9part : avant 11h00 Menu\" \/>\n<meta property=\"og:url\" content=\"https:\/\/www.sunsetvilla.it\/fr\/prenota\/\" \/>\n<meta property=\"og:site_name\" content=\"Sunset Villa\" \/>\n<meta property=\"article:modified_time\" content=\"2025-01-28T17:12:06+00:00\" \/>\n<meta property=\"og:image\" content=\"https:\/\/www.sunsetvilla.it\/wp-content\/uploads\/2024\/11\/logo-sunset-villa.png\" \/>\n<meta name=\"twitter:card\" content=\"summary_large_image\" \/>\n<script type=\"application\/ld+json\" class=\"yoast-schema-graph\">{\"@context\":\"https:\/\/schema.org\",\"@graph\":[{\"@type\":\"WebPage\",\"@id\":\"https:\/\/www.sunsetvilla.it\/fr\/prenota\/\",\"url\":\"https:\/\/www.sunsetvilla.it\/fr\/prenota\/\",\"name\":\"PrenotaFR - Sunset Villa\",\"isPartOf\":{\"@id\":\"https:\/\/www.sunsetvilla.it\/fr\/#website\"},\"primaryImageOfPage\":{\"@id\":\"https:\/\/www.sunsetvilla.it\/fr\/prenota\/#primaryimage\"},\"image\":{\"@id\":\"https:\/\/www.sunsetvilla.it\/fr\/prenota\/#primaryimage\"},\"thumbnailUrl\":\"https:\/\/www.sunsetvilla.it\/wp-content\/uploads\/2024\/11\/logo-sunset-villa.png\",\"datePublished\":\"2024-11-21T10:45:42+00:00\",\"dateModified\":\"2025-01-28T17:12:06+00:00\",\"breadcrumb\":{\"@id\":\"https:\/\/www.sunsetvilla.it\/fr\/prenota\/#breadcrumb\"},\"inLanguage\":\"fr-FR\",\"potentialAction\":[{\"@type\":\"ReadAction\",\"target\":[\"https:\/\/www.sunsetvilla.it\/fr\/prenota\/\"]}]},{\"@type\":\"ImageObject\",\"inLanguage\":\"fr-FR\",\"@id\":\"https:\/\/www.sunsetvilla.it\/fr\/prenota\/#primaryimage\",\"url\":\"https:\/\/www.sunsetvilla.it\/wp-content\/uploads\/2024\/11\/logo-sunset-villa.png\",\"contentUrl\":\"https:\/\/www.sunsetvilla.it\/wp-content\/uploads\/2024\/11\/logo-sunset-villa.png\"},{\"@type\":\"BreadcrumbList\",\"@id\":\"https:\/\/www.sunsetvilla.it\/fr\/prenota\/#breadcrumb\",\"itemListElement\":[{\"@type\":\"ListItem\",\"position\":1,\"name\":\"Home\",\"item\":\"https:\/\/www.sunsetvilla.it\/fr\/\"},{\"@type\":\"ListItem\",\"position\":2,\"name\":\"PrenotaFR\"}]},{\"@type\":\"WebSite\",\"@id\":\"https:\/\/www.sunsetvilla.it\/fr\/#website\",\"url\":\"https:\/\/www.sunsetvilla.it\/fr\/\",\"name\":\"Sunset Villa\",\"description\":\"Your quiet place in Tuscany\",\"publisher\":{\"@id\":\"https:\/\/www.sunsetvilla.it\/fr\/#organization\"},\"potentialAction\":[{\"@type\":\"SearchAction\",\"target\":{\"@type\":\"EntryPoint\",\"urlTemplate\":\"https:\/\/www.sunsetvilla.it\/fr\/?s={search_term_string}\"},\"query-input\":{\"@type\":\"PropertyValueSpecification\",\"valueRequired\":true,\"valueName\":\"search_term_string\"}}],\"inLanguage\":\"fr-FR\"},{\"@type\":\"Organization\",\"@id\":\"https:\/\/www.sunsetvilla.it\/fr\/#organization\",\"name\":\"Sunset Villa\",\"url\":\"https:\/\/www.sunsetvilla.it\/fr\/\",\"logo\":{\"@type\":\"ImageObject\",\"inLanguage\":\"fr-FR\",\"@id\":\"https:\/\/www.sunsetvilla.it\/fr\/#\/schema\/logo\/image\/\",\"url\":\"https:\/\/www.sunsetvilla.it\/wp-content\/uploads\/2024\/11\/logo-sunset-villa.png\",\"contentUrl\":\"https:\/\/www.sunsetvilla.it\/wp-content\/uploads\/2024\/11\/logo-sunset-villa.png\",\"width\":500,\"height\":306,\"caption\":\"Sunset Villa\"},\"image\":{\"@id\":\"https:\/\/www.sunsetvilla.it\/fr\/#\/schema\/logo\/image\/\"}}]}<\/script>\n<!-- \/ Yoast SEO plugin. -->","yoast_head_json":{"title":"PrenotaFR - Sunset Villa","robots":{"index":"index","follow":"follow","max-snippet":"max-snippet:-1","max-image-preview":"max-image-preview:large","max-video-preview":"max-video-preview:-1"},"canonical":"https:\/\/www.sunsetvilla.it\/fr\/prenota\/","og_locale":"fr_FR","og_type":"article","og_title":"PrenotaFR - Sunset Villa","og_description":"R\u00e9servez votre s\u00e9jour Bienvenue \u00e0 Sunset Villa, une oasis de luxe et de tranquillit\u00e9 o\u00f9 les chambres et suites avec vue sur la mer de la Maremme vous offriront des moments inoubliables R\u00e9servez votre s\u00e9jour Check-in : de 14h \u00e0 20h (check-in tardif sur demande) D\u00e9part : avant 11h00 Menu","og_url":"https:\/\/www.sunsetvilla.it\/fr\/prenota\/","og_site_name":"Sunset Villa","article_modified_time":"2025-01-28T17:12:06+00:00","og_image":[{"url":"https:\/\/www.sunsetvilla.it\/wp-content\/uploads\/2024\/11\/logo-sunset-villa.png","type":"","width":"","height":""}],"twitter_card":"summary_large_image","schema":{"@context":"https:\/\/schema.org","@graph":[{"@type":"WebPage","@id":"https:\/\/www.sunsetvilla.it\/fr\/prenota\/","url":"https:\/\/www.sunsetvilla.it\/fr\/prenota\/","name":"PrenotaFR - Sunset Villa","isPartOf":{"@id":"https:\/\/www.sunsetvilla.it\/fr\/#website"},"primaryImageOfPage":{"@id":"https:\/\/www.sunsetvilla.it\/fr\/prenota\/#primaryimage"},"image":{"@id":"https:\/\/www.sunsetvilla.it\/fr\/prenota\/#primaryimage"},"thumbnailUrl":"https:\/\/www.sunsetvilla.it\/wp-content\/uploads\/2024\/11\/logo-sunset-villa.png","datePublished":"2024-11-21T10:45:42+00:00","dateModified":"2025-01-28T17:12:06+00:00","breadcrumb":{"@id":"https:\/\/www.sunsetvilla.it\/fr\/prenota\/#breadcrumb"},"inLanguage":"fr-FR","potentialAction":[{"@type":"ReadAction","target":["https:\/\/www.sunsetvilla.it\/fr\/prenota\/"]}]},{"@type":"ImageObject","inLanguage":"fr-FR","@id":"https:\/\/www.sunsetvilla.it\/fr\/prenota\/#primaryimage","url":"https:\/\/www.sunsetvilla.it\/wp-content\/uploads\/2024\/11\/logo-sunset-villa.png","contentUrl":"https:\/\/www.sunsetvilla.it\/wp-content\/uploads\/2024\/11\/logo-sunset-villa.png"},{"@type":"BreadcrumbList","@id":"https:\/\/www.sunsetvilla.it\/fr\/prenota\/#breadcrumb","itemListElement":[{"@type":"ListItem","position":1,"name":"Home","item":"https:\/\/www.sunsetvilla.it\/fr\/"},{"@type":"ListItem","position":2,"name":"PrenotaFR"}]},{"@type":"WebSite","@id":"https:\/\/www.sunsetvilla.it\/fr\/#website","url":"https:\/\/www.sunsetvilla.it\/fr\/","name":"Sunset Villa","description":"Your quiet place in Tuscany","publisher":{"@id":"https:\/\/www.sunsetvilla.it\/fr\/#organization"},"potentialAction":[{"@type":"SearchAction","target":{"@type":"EntryPoint","urlTemplate":"https:\/\/www.sunsetvilla.it\/fr\/?s={search_term_string}"},"query-input":{"@type":"PropertyValueSpecification","valueRequired":true,"valueName":"search_term_string"}}],"inLanguage":"fr-FR"},{"@type":"Organization","@id":"https:\/\/www.sunsetvilla.it\/fr\/#organization","name":"Sunset Villa","url":"https:\/\/www.sunsetvilla.it\/fr\/","logo":{"@type":"ImageObject","inLanguage":"fr-FR","@id":"https:\/\/www.sunsetvilla.it\/fr\/#\/schema\/logo\/image\/","url":"https:\/\/www.sunsetvilla.it\/wp-content\/uploads\/2024\/11\/logo-sunset-villa.png","contentUrl":"https:\/\/www.sunsetvilla.it\/wp-content\/uploads\/2024\/11\/logo-sunset-villa.png","width":500,"height":306,"caption":"Sunset Villa"},"image":{"@id":"https:\/\/www.sunsetvilla.it\/fr\/#\/schema\/logo\/image\/"}}]}},"_links":{"self":[{"href":"https:\/\/www.sunsetvilla.it\/fr\/wp-json\/wp\/v2\/pages\/5600","targetHints":{"allow":["GET"]}}],"collection":[{"href":"https:\/\/www.sunsetvilla.it\/fr\/wp-json\/wp\/v2\/pages"}],"about":[{"href":"https:\/\/www.sunsetvilla.it\/fr\/wp-json\/wp\/v2\/types\/page"}],"author":[{"embeddable":true,"href":"https:\/\/www.sunsetvilla.it\/fr\/wp-json\/wp\/v2\/users\/1"}],"replies":[{"embeddable":true,"href":"https:\/\/www.sunsetvilla.it\/fr\/wp-json\/wp\/v2\/comments?post=5600"}],"version-history":[{"count":8,"href":"https:\/\/www.sunsetvilla.it\/fr\/wp-json\/wp\/v2\/pages\/5600\/revisions"}],"predecessor-version":[{"id":5699,"href":"https:\/\/www.sunsetvilla.it\/fr\/wp-json\/wp\/v2\/pages\/5600\/revisions\/5699"}],"wp:attachment":[{"href":"https:\/\/www.sunsetvilla.it\/fr\/wp-json\/wp\/v2\/media?parent=5600"}],"curies":[{"name":"wp","href":"https:\/\/api.w.org\/{rel}","templated":true}]}}