{"id":5241,"date":"2023-03-18T07:10:54","date_gmt":"2023-03-18T06:10:54","guid":{"rendered":"https:\/\/www.sunsetvilla.it\/contatti\/"},"modified":"2024-12-20T10:27:42","modified_gmt":"2024-12-20T09:27:42","slug":"contacts","status":"publish","type":"page","link":"https:\/\/www.sunsetvilla.it\/fr\/contacts\/","title":{"rendered":"Contacts"},"content":{"rendered":"\t\t<div data-elementor-type=\"wp-page\" data-elementor-id=\"5241\" class=\"elementor elementor-5241 elementor-697\">\n\t\t\t\t\t\t<section class=\"elementor-section elementor-top-section elementor-element elementor-element-ca1656d elementor-section-height-min-height cs-section-content-fullwidth cs-parallax-on-scroll cs_scroll_y_100 elementor-section-boxed elementor-section-height-default elementor-section-items-middle\" data-id=\"ca1656d\" data-element_type=\"section\" data-settings=\"{&quot;background_background&quot;:&quot;classic&quot;}\" data-cs-parallax-y=\"100\" style=\"background-image: none;\" data-cs-background-image=\"https:\/\/www.sunsetvilla.it\/wp-content\/uploads\/2024\/11\/DJI_0228-Modifica-Modifica-Modifica-Modifica-Modifica-Modifica.jpg\" data-cs-background-image-alt-text=\"\">\n\t\t\t\t\t\t\t<div class=\"elementor-background-overlay\"><\/div>\n\t\t\t\t\t\t\t<div class=\"elementor-container elementor-column-gap-no\">\n\t\t\t\t\t<div class=\"elementor-column elementor-col-100 elementor-top-column elementor-element elementor-element-6b2c1df dark-color\" data-id=\"6b2c1df\" data-element_type=\"column\">\n\t\t\t<div class=\"elementor-widget-wrap elementor-element-populated\">\n\t\t\t\t\t\t<div class=\"elementor-element elementor-element-ed3f97e elementor-widget elementor-widget-cs_title\" data-id=\"ed3f97e\" data-element_type=\"widget\" data-widget_type=\"cs_title.default\">\n\t\t\t\t<div class=\"elementor-widget-container\">\n\t\t\t\t\t\n        <div class=\"cs-title-wrap text-center\">\t            <div class=\"cs-subtitle-wrap\"><span class=\"cs-subtitle color-white\">NOS ADRESSES<\/span><\/div>\t            <h1 class=\"cs-title\">\n\t                Contactez-nous\t            <\/h1>\t            <div class=\"cs-title-text\">\n\t                <p>Pour les r\u00e9servations et les demandes d&rsquo;informations, appelez-nous ou \u00e9crivez-nous<\/p>\n\t            <\/div>        <\/div>\t\t\t\t<\/div>\n\t\t\t\t<\/div>\n\t\t\t\t\t<\/div>\n\t\t<\/div>\n\t\t\t\t\t<\/div>\n\t\t<\/section>\n\t\t\t\t<section class=\"elementor-section elementor-top-section elementor-element elementor-element-ac9ba41 elementor-section-full_width elementor-section-content-middle elementor-section-height-default elementor-section-height-default\" data-id=\"ac9ba41\" data-element_type=\"section\">\n\t\t\t\t\t\t<div class=\"elementor-container elementor-column-gap-no\">\n\t\t\t\t\t<div class=\"elementor-column elementor-col-50 elementor-top-column elementor-element elementor-element-a9f3bc2\" data-id=\"a9f3bc2\" data-element_type=\"column\">\n\t\t\t<div class=\"elementor-widget-wrap elementor-element-populated\">\n\t\t\t\t\t\t<div class=\"elementor-element elementor-element-e9f12f9 elementor-widget elementor-widget-image\" data-id=\"e9f12f9\" data-element_type=\"widget\" data-widget_type=\"image.default\">\n\t\t\t\t<div class=\"elementor-widget-container\">\n\t\t\t\t\t\t\t\t\t\t\t\t\t\t\t<img decoding=\"async\" width=\"200\" height=\"211\" class=\"attachment-cozystay_300x300-crop size-cozystay_300x300-crop wp-image-3662\" alt=\"\" src=\"https:\/\/www.sunsetvilla.it\/wp-content\/uploads\/2024\/11\/iconeTavola-disegno-1.svg\" \/>\t\t\t\t\t\t\t\t\t\t\t\t\t\t\t<\/div>\n\t\t\t\t<\/div>\n\t\t\t\t<div class=\"elementor-element elementor-element-87aae4c elementor-widget elementor-widget-spacer\" data-id=\"87aae4c\" data-element_type=\"widget\" data-widget_type=\"spacer.default\">\n\t\t\t\t<div class=\"elementor-widget-container\">\n\t\t\t\t\t\t\t<div class=\"elementor-spacer\">\n\t\t\t<div class=\"elementor-spacer-inner\"><\/div>\n\t\t<\/div>\n\t\t\t\t\t\t<\/div>\n\t\t\t\t<\/div>\n\t\t\t\t<div class=\"elementor-element elementor-element-d6a0979 elementor-widget elementor-widget-cs_title\" data-id=\"d6a0979\" data-element_type=\"widget\" data-widget_type=\"cs_title.default\">\n\t\t\t\t<div class=\"elementor-widget-container\">\n\t\t\t\t\t\n        <div class=\"cs-title-wrap text-center\">\t            <div class=\"cs-title-text\">\n\t                <p style=\"text-align: center;\"><a href=\"https:\/\/maps.app.goo.gl\/CR3zc5V6bx2vUXQcA\">Str.da Prov.le delle Rocchette 62 snc, 58043 &#8211; Castiglione della Pescaia (GR)<\/a><\/p>\n<p><a href=\"tel:+393383693728\"><strong>T\u00e9l\u00e9phone<br \/>\n<\/strong><br \/>\n+393383693728<br \/>\n<\/a><\/p>\n<p><strong>Email<\/strong><br \/>\n<a href=\"mailto:info@sunsetvilla.it\"><br \/>\ninfo@sunsetvilla.it<\/a><\/p>\n\t            <\/div>        <\/div>\t\t\t\t<\/div>\n\t\t\t\t<\/div>\n\t\t\t\t<div class=\"elementor-element elementor-element-27ae3a6 elementor-widget-divider--view-line elementor-widget elementor-widget-divider\" data-id=\"27ae3a6\" data-element_type=\"widget\" data-widget_type=\"divider.default\">\n\t\t\t\t<div class=\"elementor-widget-container\">\n\t\t\t\t\t\t\t<div class=\"elementor-divider\">\n\t\t\t<span class=\"elementor-divider-separator\">\n\t\t\t\t\t\t<\/span>\n\t\t<\/div>\n\t\t\t\t\t\t<\/div>\n\t\t\t\t<\/div>\n\t\t\t\t<div class=\"elementor-element elementor-element-a679ad2 elementor-widget elementor-widget-cs_title\" data-id=\"a679ad2\" data-element_type=\"widget\" data-widget_type=\"cs_title.default\">\n\t\t\t\t<div class=\"elementor-widget-container\">\n\t\t\t\t\t\n        <div class=\"cs-title-wrap text-center\">\t            <div class=\"cs-title-text\">\n\t                <p><strong>Services suppl\u00e9mentaires pour les h\u00f4tes<\/strong><\/p>\n<p>Tous les services du Rocchette Village sont disponibles gratuitement pour les h\u00f4tes de la Sunset Villa<\/p>\n\t            <\/div>                <div class=\"cs-title-btn\">\n                    <a class=\"button elementor-button-link cs-btn-small\" role=\"button\" href=\"https:\/\/www.rocchette.com\/fr\/services-disponibles-a-rocchette\/\" target=\"_blank\">\n                        <span class=\"cs-btn-text\">D\u00c9COUVREZ-LES TOUS<\/span>                    <\/a>\n                <\/div>\n                    <\/div>\t\t\t\t<\/div>\n\t\t\t\t<\/div>\n\t\t\t\t\t<\/div>\n\t\t<\/div>\n\t\t\t\t<div class=\"elementor-column elementor-col-50 elementor-top-column elementor-element elementor-element-a630739\" data-id=\"a630739\" data-element_type=\"column\" data-settings=\"{&quot;background_background&quot;:&quot;classic&quot;}\">\n\t\t\t<div class=\"elementor-widget-wrap elementor-element-populated\">\n\t\t\t\t\t\t<section class=\"elementor-section elementor-inner-section elementor-element elementor-element-1165b93 elementor-section-boxed elementor-section-height-default elementor-section-height-default\" data-id=\"1165b93\" data-element_type=\"section\" data-settings=\"{&quot;background_background&quot;:&quot;classic&quot;}\">\n\t\t\t\t\t\t<div class=\"elementor-container elementor-column-gap-no\">\n\t\t\t\t\t<div class=\"elementor-column elementor-col-100 elementor-inner-column elementor-element elementor-element-c8421f3\" data-id=\"c8421f3\" data-element_type=\"column\">\n\t\t\t<div class=\"elementor-widget-wrap elementor-element-populated\">\n\t\t\t\t\t\t<div class=\"elementor-element elementor-element-ee636a2 elementor-widget elementor-widget-cs_title\" data-id=\"ee636a2\" data-element_type=\"widget\" data-widget_type=\"cs_title.default\">\n\t\t\t\t<div class=\"elementor-widget-container\">\n\t\t\t\t\t\n        <div class=\"cs-title-wrap text-center\">\t            <div class=\"cs-subtitle-wrap\"><span class=\"cs-subtitle\">Nous serons ravis de vous r\u00e9pondre dans les plus brefs d\u00e9lais<\/span><\/div>\t            <h4 class=\"cs-title\">\n\t                Avez-vous une question \u00e0 nous poser?\t            <\/h4>        <\/div>\t\t\t\t<\/div>\n\t\t\t\t<\/div>\n\t\t\t\t<div class=\"elementor-element elementor-element-d1eca60 elementor-widget elementor-widget-cs_form_cf7\" data-id=\"d1eca60\" data-element_type=\"widget\" data-widget_type=\"cs_form_cf7.default\">\n\t\t\t\t<div class=\"elementor-widget-container\">\n\t\t\t\t\t            <div class=\"cs-form-cf7 placeholder-normal\">\n                <div class=\"cs-form-cf7-wrap\">\n<div class=\"wpcf7 no-js\" id=\"wpcf7-f4625-o1\" lang=\"fr-FR\" dir=\"ltr\" data-wpcf7-id=\"4625\">\n<div class=\"screen-reader-response\"><p role=\"status\" aria-live=\"polite\" aria-atomic=\"true\"><\/p> <ul><\/ul><\/div>\n<form action=\"\/fr\/wp-json\/wp\/v2\/pages\/5241#wpcf7-f4625-o1\" method=\"post\" class=\"wpcf7-form init\" aria-label=\"Formulaire de contact\" novalidate=\"novalidate\" data-status=\"init\">\n<fieldset class=\"hidden-fields-container\"><input type=\"hidden\" name=\"_wpcf7\" value=\"4625\" \/><input type=\"hidden\" name=\"_wpcf7_version\" value=\"6.1\" \/><input type=\"hidden\" name=\"_wpcf7_locale\" value=\"fr_FR\" \/><input type=\"hidden\" name=\"_wpcf7_unit_tag\" value=\"wpcf7-f4625-o1\" \/><input type=\"hidden\" name=\"_wpcf7_container_post\" value=\"0\" \/><input type=\"hidden\" name=\"_wpcf7_posted_data_hash\" value=\"\" \/><input type=\"hidden\" name=\"_wpcf7_recaptcha_response\" value=\"\" \/>\n<\/fieldset>\n<p><label> Il tuo nome<br \/>\n<span class=\"wpcf7-form-control-wrap\" data-name=\"your-name\"><input size=\"40\" maxlength=\"400\" class=\"wpcf7-form-control wpcf7-text wpcf7-validates-as-required\" autocomplete=\"name\" aria-required=\"true\" aria-invalid=\"false\" value=\"\" type=\"text\" name=\"your-name\" \/><\/span> <\/label>\n<\/p>\n<p><label> La tua email<br \/>\n<span class=\"wpcf7-form-control-wrap\" data-name=\"your-email\"><input size=\"40\" maxlength=\"400\" class=\"wpcf7-form-control wpcf7-email wpcf7-validates-as-required wpcf7-text wpcf7-validates-as-email\" autocomplete=\"email\" aria-required=\"true\" aria-invalid=\"false\" value=\"\" type=\"email\" name=\"your-email\" \/><\/span> <\/label>\n<\/p>\n<p><label> Oggetto<br \/>\n<span class=\"wpcf7-form-control-wrap\" data-name=\"your-subject\"><input size=\"40\" maxlength=\"400\" class=\"wpcf7-form-control wpcf7-text wpcf7-validates-as-required\" aria-required=\"true\" aria-invalid=\"false\" value=\"\" type=\"text\" name=\"your-subject\" \/><\/span> <\/label>\n<\/p>\n<p><label> Richiesta<br \/>\n<span class=\"wpcf7-form-control-wrap\" data-name=\"your-message\"><textarea cols=\"40\" rows=\"10\" maxlength=\"2000\" class=\"wpcf7-form-control wpcf7-textarea wpcf7-validates-as-required\" aria-required=\"true\" aria-invalid=\"false\" name=\"your-message\"><\/textarea><\/span> <\/label>\n<\/p>\n<p><input class=\"wpcf7-form-control wpcf7-submit has-spinner\" type=\"submit\" value=\"Invia\" \/>\n<\/p><div class=\"wpcf7-response-output\" aria-hidden=\"true\"><\/div>\n<\/form>\n<\/div>\n<\/div>\n            <\/div>\t\t\t\t<\/div>\n\t\t\t\t<\/div>\n\t\t\t\t\t<\/div>\n\t\t<\/div>\n\t\t\t\t\t<\/div>\n\t\t<\/section>\n\t\t\t\t\t<\/div>\n\t\t<\/div>\n\t\t\t\t\t<\/div>\n\t\t<\/section>\n\t\t\t\t<\/div>\n\t\t","protected":false},"excerpt":{"rendered":"<p>NOS ADRESSES Contactez-nous Pour les r\u00e9servations et les demandes d&#8217;informations, appelez-nous ou \u00e9crivez-nous Str.da Prov.le delle Rocchette 62 snc, 58043 &#8211; Castiglione della Pescaia (GR) T\u00e9l\u00e9phone +393383693728 Email info@sunsetvilla.it Services suppl\u00e9mentaires pour les h\u00f4tes Tous les services du Rocchette Village sont disponibles gratuitement pour les h\u00f4tes de la Sunset Villa D\u00c9COUVREZ-LES TOUS Nous serons ravis &#8230;<\/p>\n","protected":false},"author":1,"featured_media":0,"parent":0,"menu_order":0,"comment_status":"closed","ping_status":"closed","template":"template-wide-content.php","meta":{"cozystay_single_page_hide_site_header":"","cozystay_single_page_site_header_source":"","cozystay_single_page_custom_site_header":"","cozystay_single_page_custom_sticky_site_header":"","cozystay_single_page_hide_page_title":"on","cozystay_single_page_header_section_size":"","cozystay_single_page_header_background_color":"","cozystay_single_page_header_background_position_x":"center","cozystay_single_page_header_background_position_y":"center","cozystay_single_page_header_background_size":"cover","cozystay_single_page_header_background_repeat":"off","cozystay_single_page_header_background_scroll":"on","cozystay_single_page_header_text_color":"","cozystay_single_page_header_show_breadcrumb":"","cozystay_single_page_site_footer_hide_main":"","cozystay_single_custom_site_footer_main_source":"","cozystay_single_custom_site_footer_main":"","cozystay_single_page_site_footer_hide_above":"","cozystay_single_custom_site_footer_above_source":"","cozystay_single_custom_site_footer_above":"","cozystay_single_page_site_footer_hide_instagram":"","cozystay_single_page_site_footer_hide_bottom":"","cozystay_single_custom_mobile_menu_source":"","cozystay_single_custom_mobile_menu":"","cozystay_single_custom_mobile_menu_animation":"","cozystay_single_custom_mobile_menu_width":"","cozystay_single_custom_mobile_menu_custom_width":375,"footnotes":""},"class_list":["post-5241","page","type-page","status-publish","hentry"],"yoast_head":"<!-- This site is optimized with the Yoast SEO plugin v25.5 - https:\/\/yoast.com\/wordpress\/plugins\/seo\/ -->\n<title>Contacts - Sunset Villa<\/title>\n<meta name=\"description\" content=\"Pour les r\u00e9servations et demandes d&#039;informations, appelez-nous ou \u00e9crivez-nous\" \/>\n<meta name=\"robots\" content=\"index, follow, max-snippet:-1, max-image-preview:large, max-video-preview:-1\" \/>\n<link rel=\"canonical\" href=\"https:\/\/www.sunsetvilla.it\/fr\/contacts\/\" \/>\n<meta property=\"og:locale\" content=\"fr_FR\" \/>\n<meta property=\"og:type\" content=\"article\" \/>\n<meta property=\"og:title\" content=\"Contacts - Sunset Villa\" \/>\n<meta property=\"og:description\" content=\"Pour les r\u00e9servations et demandes d&#039;informations, appelez-nous ou \u00e9crivez-nous\" \/>\n<meta property=\"og:url\" content=\"https:\/\/www.sunsetvilla.it\/fr\/contacts\/\" \/>\n<meta property=\"og:site_name\" content=\"Sunset Villa\" \/>\n<meta property=\"article:modified_time\" content=\"2024-12-20T09:27:42+00:00\" \/>\n<meta property=\"og:image\" content=\"https:\/\/www.sunsetvilla.it\/wp-content\/uploads\/2024\/11\/iconeTavola-disegno-1.svg\" \/>\n<meta name=\"twitter:card\" content=\"summary_large_image\" \/>\n<script type=\"application\/ld+json\" class=\"yoast-schema-graph\">{\"@context\":\"https:\/\/schema.org\",\"@graph\":[{\"@type\":\"WebPage\",\"@id\":\"https:\/\/www.sunsetvilla.it\/fr\/contacts\/\",\"url\":\"https:\/\/www.sunsetvilla.it\/fr\/contacts\/\",\"name\":\"Contacts - Sunset Villa\",\"isPartOf\":{\"@id\":\"https:\/\/www.sunsetvilla.it\/fr\/#website\"},\"primaryImageOfPage\":{\"@id\":\"https:\/\/www.sunsetvilla.it\/fr\/contacts\/#primaryimage\"},\"image\":{\"@id\":\"https:\/\/www.sunsetvilla.it\/fr\/contacts\/#primaryimage\"},\"thumbnailUrl\":\"https:\/\/www.sunsetvilla.it\/wp-content\/uploads\/2024\/11\/iconeTavola-disegno-1.svg\",\"datePublished\":\"2023-03-18T06:10:54+00:00\",\"dateModified\":\"2024-12-20T09:27:42+00:00\",\"description\":\"Pour les r\u00e9servations et demandes d'informations, appelez-nous ou \u00e9crivez-nous\",\"breadcrumb\":{\"@id\":\"https:\/\/www.sunsetvilla.it\/fr\/contacts\/#breadcrumb\"},\"inLanguage\":\"fr-FR\",\"potentialAction\":[{\"@type\":\"ReadAction\",\"target\":[\"https:\/\/www.sunsetvilla.it\/fr\/contacts\/\"]}]},{\"@type\":\"ImageObject\",\"inLanguage\":\"fr-FR\",\"@id\":\"https:\/\/www.sunsetvilla.it\/fr\/contacts\/#primaryimage\",\"url\":\"https:\/\/www.sunsetvilla.it\/wp-content\/uploads\/2024\/11\/iconeTavola-disegno-1.svg\",\"contentUrl\":\"https:\/\/www.sunsetvilla.it\/wp-content\/uploads\/2024\/11\/iconeTavola-disegno-1.svg\"},{\"@type\":\"BreadcrumbList\",\"@id\":\"https:\/\/www.sunsetvilla.it\/fr\/contacts\/#breadcrumb\",\"itemListElement\":[{\"@type\":\"ListItem\",\"position\":1,\"name\":\"Home\",\"item\":\"https:\/\/www.sunsetvilla.it\/fr\/\"},{\"@type\":\"ListItem\",\"position\":2,\"name\":\"Contacts\"}]},{\"@type\":\"WebSite\",\"@id\":\"https:\/\/www.sunsetvilla.it\/fr\/#website\",\"url\":\"https:\/\/www.sunsetvilla.it\/fr\/\",\"name\":\"Sunset Villa\",\"description\":\"Your quiet place in Tuscany\",\"publisher\":{\"@id\":\"https:\/\/www.sunsetvilla.it\/fr\/#organization\"},\"potentialAction\":[{\"@type\":\"SearchAction\",\"target\":{\"@type\":\"EntryPoint\",\"urlTemplate\":\"https:\/\/www.sunsetvilla.it\/fr\/?s={search_term_string}\"},\"query-input\":{\"@type\":\"PropertyValueSpecification\",\"valueRequired\":true,\"valueName\":\"search_term_string\"}}],\"inLanguage\":\"fr-FR\"},{\"@type\":\"Organization\",\"@id\":\"https:\/\/www.sunsetvilla.it\/fr\/#organization\",\"name\":\"Sunset Villa\",\"url\":\"https:\/\/www.sunsetvilla.it\/fr\/\",\"logo\":{\"@type\":\"ImageObject\",\"inLanguage\":\"fr-FR\",\"@id\":\"https:\/\/www.sunsetvilla.it\/fr\/#\/schema\/logo\/image\/\",\"url\":\"https:\/\/www.sunsetvilla.it\/wp-content\/uploads\/2024\/11\/logo-sunset-villa.png\",\"contentUrl\":\"https:\/\/www.sunsetvilla.it\/wp-content\/uploads\/2024\/11\/logo-sunset-villa.png\",\"width\":500,\"height\":306,\"caption\":\"Sunset Villa\"},\"image\":{\"@id\":\"https:\/\/www.sunsetvilla.it\/fr\/#\/schema\/logo\/image\/\"}}]}<\/script>\n<!-- \/ Yoast SEO plugin. -->","yoast_head_json":{"title":"Contacts - Sunset Villa","description":"Pour les r\u00e9servations et demandes d'informations, appelez-nous ou \u00e9crivez-nous","robots":{"index":"index","follow":"follow","max-snippet":"max-snippet:-1","max-image-preview":"max-image-preview:large","max-video-preview":"max-video-preview:-1"},"canonical":"https:\/\/www.sunsetvilla.it\/fr\/contacts\/","og_locale":"fr_FR","og_type":"article","og_title":"Contacts - Sunset Villa","og_description":"Pour les r\u00e9servations et demandes d'informations, appelez-nous ou \u00e9crivez-nous","og_url":"https:\/\/www.sunsetvilla.it\/fr\/contacts\/","og_site_name":"Sunset Villa","article_modified_time":"2024-12-20T09:27:42+00:00","og_image":[{"url":"https:\/\/www.sunsetvilla.it\/wp-content\/uploads\/2024\/11\/iconeTavola-disegno-1.svg","type":"","width":"","height":""}],"twitter_card":"summary_large_image","schema":{"@context":"https:\/\/schema.org","@graph":[{"@type":"WebPage","@id":"https:\/\/www.sunsetvilla.it\/fr\/contacts\/","url":"https:\/\/www.sunsetvilla.it\/fr\/contacts\/","name":"Contacts - Sunset Villa","isPartOf":{"@id":"https:\/\/www.sunsetvilla.it\/fr\/#website"},"primaryImageOfPage":{"@id":"https:\/\/www.sunsetvilla.it\/fr\/contacts\/#primaryimage"},"image":{"@id":"https:\/\/www.sunsetvilla.it\/fr\/contacts\/#primaryimage"},"thumbnailUrl":"https:\/\/www.sunsetvilla.it\/wp-content\/uploads\/2024\/11\/iconeTavola-disegno-1.svg","datePublished":"2023-03-18T06:10:54+00:00","dateModified":"2024-12-20T09:27:42+00:00","description":"Pour les r\u00e9servations et demandes d'informations, appelez-nous ou \u00e9crivez-nous","breadcrumb":{"@id":"https:\/\/www.sunsetvilla.it\/fr\/contacts\/#breadcrumb"},"inLanguage":"fr-FR","potentialAction":[{"@type":"ReadAction","target":["https:\/\/www.sunsetvilla.it\/fr\/contacts\/"]}]},{"@type":"ImageObject","inLanguage":"fr-FR","@id":"https:\/\/www.sunsetvilla.it\/fr\/contacts\/#primaryimage","url":"https:\/\/www.sunsetvilla.it\/wp-content\/uploads\/2024\/11\/iconeTavola-disegno-1.svg","contentUrl":"https:\/\/www.sunsetvilla.it\/wp-content\/uploads\/2024\/11\/iconeTavola-disegno-1.svg"},{"@type":"BreadcrumbList","@id":"https:\/\/www.sunsetvilla.it\/fr\/contacts\/#breadcrumb","itemListElement":[{"@type":"ListItem","position":1,"name":"Home","item":"https:\/\/www.sunsetvilla.it\/fr\/"},{"@type":"ListItem","position":2,"name":"Contacts"}]},{"@type":"WebSite","@id":"https:\/\/www.sunsetvilla.it\/fr\/#website","url":"https:\/\/www.sunsetvilla.it\/fr\/","name":"Sunset Villa","description":"Your quiet place in Tuscany","publisher":{"@id":"https:\/\/www.sunsetvilla.it\/fr\/#organization"},"potentialAction":[{"@type":"SearchAction","target":{"@type":"EntryPoint","urlTemplate":"https:\/\/www.sunsetvilla.it\/fr\/?s={search_term_string}"},"query-input":{"@type":"PropertyValueSpecification","valueRequired":true,"valueName":"search_term_string"}}],"inLanguage":"fr-FR"},{"@type":"Organization","@id":"https:\/\/www.sunsetvilla.it\/fr\/#organization","name":"Sunset Villa","url":"https:\/\/www.sunsetvilla.it\/fr\/","logo":{"@type":"ImageObject","inLanguage":"fr-FR","@id":"https:\/\/www.sunsetvilla.it\/fr\/#\/schema\/logo\/image\/","url":"https:\/\/www.sunsetvilla.it\/wp-content\/uploads\/2024\/11\/logo-sunset-villa.png","contentUrl":"https:\/\/www.sunsetvilla.it\/wp-content\/uploads\/2024\/11\/logo-sunset-villa.png","width":500,"height":306,"caption":"Sunset Villa"},"image":{"@id":"https:\/\/www.sunsetvilla.it\/fr\/#\/schema\/logo\/image\/"}}]}},"_links":{"self":[{"href":"https:\/\/www.sunsetvilla.it\/fr\/wp-json\/wp\/v2\/pages\/5241","targetHints":{"allow":["GET"]}}],"collection":[{"href":"https:\/\/www.sunsetvilla.it\/fr\/wp-json\/wp\/v2\/pages"}],"about":[{"href":"https:\/\/www.sunsetvilla.it\/fr\/wp-json\/wp\/v2\/types\/page"}],"author":[{"embeddable":true,"href":"https:\/\/www.sunsetvilla.it\/fr\/wp-json\/wp\/v2\/users\/1"}],"replies":[{"embeddable":true,"href":"https:\/\/www.sunsetvilla.it\/fr\/wp-json\/wp\/v2\/comments?post=5241"}],"version-history":[{"count":5,"href":"https:\/\/www.sunsetvilla.it\/fr\/wp-json\/wp\/v2\/pages\/5241\/revisions"}],"predecessor-version":[{"id":5301,"href":"https:\/\/www.sunsetvilla.it\/fr\/wp-json\/wp\/v2\/pages\/5241\/revisions\/5301"}],"wp:attachment":[{"href":"https:\/\/www.sunsetvilla.it\/fr\/wp-json\/wp\/v2\/media?parent=5241"}],"curies":[{"name":"wp","href":"https:\/\/api.w.org\/{rel}","templated":true}]}}